{"id":888,"date":"2025-11-03T08:53:13","date_gmt":"2025-11-03T07:53:13","guid":{"rendered":"https:\/\/www.sc-neustadt.de\/wordpress\/?page_id=888"},"modified":"2026-03-29T11:29:15","modified_gmt":"2026-03-29T09:29:15","slug":"winterschwimmschule-2025-2026","status":"publish","type":"page","link":"https:\/\/www.sc-neustadt.de\/wordpress\/winterschwimmschule-2025-2026\/","title":{"rendered":"Sommerschwimmschule 2026"},"content":{"rendered":"<p>Der SCN bietet in der Sommersaison 2026 eine Sommerschwimmschule f\u00fcr Kinder ab 5 \u00bd Jahren an.<br \/>\n&#8211; Kursgeb\u00fchr: 140,- \u20ac f\u00fcr Mitglieder<br \/>\n&#8211; Kursgeb\u00fchr: 150,- \u20ac f\u00fcr Nichtmitglieder<br \/>\nIn maximal 12er-Gruppen und unter qualifizierter Anleitung unserer SCN-Trainer k\u00f6nnen Kids ihre ersten Schwimmerfahrungen machen. Dabei schauen wir individuell auf die Bed\u00fcrfnisse eines jeden Kindes.<\/p>\n<p>Ein Kurs umfasst 15 Einheiten \u00e0 30 Minuten (Mo-Fr \u00fcber drei Wochen).<br \/>\n<strong>Stadionbad<\/strong><br \/>\nKurs 1<br \/>\n13.00-13.30 Uhr<br \/>\nKurs 2<br \/>\n13.45-14.15 Uhr<br \/>\n<strong>Freibad Hambach<\/strong><br \/>\nKurs 3<br \/>\n15.00-15.30 Uhr<br \/>\nKurs 4<br \/>\n15.45-16.15 Uhr<br \/>\nAnmeldungen \u00fcber unsere SCN-App:<\/p>\n<p><img loading=\"lazy\" decoding=\"async\" src=\"https:\/\/www.sc-neustadt.de\/wordpress\/wp-content\/uploads\/2025\/04\/Teilen-150x150.png\" alt=\"\" width=\"150\" height=\"150\" class=\"alignnone size-thumbnail wp-image-206\" srcset=\"https:\/\/www.sc-neustadt.de\/wordpress\/wp-content\/uploads\/2025\/04\/Teilen-150x150.png 150w, https:\/\/www.sc-neustadt.de\/wordpress\/wp-content\/uploads\/2025\/04\/Teilen-300x300.png 300w, https:\/\/www.sc-neustadt.de\/wordpress\/wp-content\/uploads\/2025\/04\/Teilen.png 502w\" sizes=\"auto, (max-width: 150px) 100vw, 150px\" \/><br \/>\n<a href=\"https:\/\/play.google.com\/store\/apps\/details?id=de.appack.project.sc_neustadt\">Play-Store<\/a><br \/>\n<a href=\"https:\/\/apps.apple.com\/app\/sc-neustadt-1900\/id6532616722\">App-Store<\/a><\/p>\n<p><strong>Bitte beachten Sie:<br \/>\n<\/strong>&#8211; Die Anmeldung ist erst mit Eingang und Best\u00e4tigung der Bezahlung vollst\u00e4ndig (bitte kontrollieren Sie auch Ihren Spam-Ordner).<br \/>\n&#8211; Die Zahlung hat innerhalb von 48 Stunden zu erfolgen, ansonsten wird der Platz wieder freigegeben und Personen auf der Warteliste haben die M\u00f6glichkeit, diesen Platz zu buchen.<br \/>\n<strong>&#8211; Zus\u00e4tzlich<\/strong> ben\u00f6tigen Sie f\u00fcr jeden Kurstag <strong>g\u00fcltige Eintrittskarten <\/strong>f\u00fcr das Stadionbad. Der Eintritt ist nicht in der Kursgeb\u00fchr enthalten. Die Mitarbeiter des Stadionbads suchen f\u00fcr Sie immer den g\u00fcnstigsten Eintrittspreis. Fehlverhalten gegen\u00fcber dem Personal des Stadionbads kann zum Kursausschluss f\u00fchren. Ein Anspruch auf Erstattung der Kursgeb\u00fchr entf\u00e4llt.<br \/>\n&#8211; Bei jedem Kurs sollten die Eltern mit ihren Kindern rechtzeitig vorher im Bad sein, um die Zeit zu haben, sich umzuziehen. Bitte seien Sie 5 min vor Kursbeginn in der Halle im Nichtschwimmerbereich, sodass wir die volle Zeit im Wasser nutzen k\u00f6nnen.<br \/>\n&#8211; Vor und nach dem Schwimmkurs obliegt die Aufsicht den Eltern.<\/p>\n","protected":false},"excerpt":{"rendered":"<p>Der SCN bietet in der Sommersaison 2026 eine Sommerschwimmschule f\u00fcr Kinder ab 5 \u00bd Jahren an. &#8211; Kursgeb\u00fchr: 140,- \u20ac f\u00fcr Mitglieder &#8211; Kursgeb\u00fchr: 150,- \u20ac f\u00fcr Nichtmitglieder In maximal 12er-Gruppen und unter qualifizierter Anleitung unserer SCN-Trainer k\u00f6nnen Kids ihre ersten Schwimmerfahrungen machen. Dabei schauen wir individuell auf die Bed\u00fcrfnisse [&hellip;]<\/p>\n","protected":false},"author":2,"featured_media":380,"parent":0,"menu_order":0,"comment_status":"closed","ping_status":"closed","template":"","meta":{"_themeisle_gutenberg_block_has_review":false,"footnotes":""},"class_list":["post-888","page","type-page","status-publish","has-post-thumbnail","hentry"],"_links":{"self":[{"href":"https:\/\/www.sc-neustadt.de\/wordpress\/wp-json\/wp\/v2\/pages\/888","targetHints":{"allow":["GET"]}}],"collection":[{"href":"https:\/\/www.sc-neustadt.de\/wordpress\/wp-json\/wp\/v2\/pages"}],"about":[{"href":"https:\/\/www.sc-neustadt.de\/wordpress\/wp-json\/wp\/v2\/types\/page"}],"author":[{"embeddable":true,"href":"https:\/\/www.sc-neustadt.de\/wordpress\/wp-json\/wp\/v2\/users\/2"}],"replies":[{"embeddable":true,"href":"https:\/\/www.sc-neustadt.de\/wordpress\/wp-json\/wp\/v2\/comments?post=888"}],"version-history":[{"count":8,"href":"https:\/\/www.sc-neustadt.de\/wordpress\/wp-json\/wp\/v2\/pages\/888\/revisions"}],"predecessor-version":[{"id":1036,"href":"https:\/\/www.sc-neustadt.de\/wordpress\/wp-json\/wp\/v2\/pages\/888\/revisions\/1036"}],"wp:featuredmedia":[{"embeddable":true,"href":"https:\/\/www.sc-neustadt.de\/wordpress\/wp-json\/wp\/v2\/media\/380"}],"wp:attachment":[{"href":"https:\/\/www.sc-neustadt.de\/wordpress\/wp-json\/wp\/v2\/media?parent=888"}],"curies":[{"name":"wp","href":"https:\/\/api.w.org\/{rel}","templated":true}]}}