{"id":88,"date":"2025-04-01T16:59:50","date_gmt":"2025-04-01T14:59:50","guid":{"rendered":"https:\/\/www.sc-neustadt.de\/wordpress\/?page_id=88"},"modified":"2026-04-21T08:06:07","modified_gmt":"2026-04-21T06:06:07","slug":"weinstrassen-schwimmwettkaempfe-2026","status":"publish","type":"page","link":"https:\/\/www.sc-neustadt.de\/wordpress\/weinstrassen-schwimmwettkaempfe-2026\/","title":{"rendered":"Weinstra\u00dfen-Schwimmwettk\u00e4mpfe 2026"},"content":{"rendered":"\r\n<p class=\"has-system-serif-font-family\">Am 18. und 19. April 2026 l\u00e4dt der SCN zu seinen Weinstra\u00dfen-Schwimmwettk\u00e4mpfen ein, dies bereits zum 31. Mal. Allen Teilnehmerinnen und Teilnehmern viel Erfolg.<\/p>\r\n\r\n\r\n\r\n<p class=\"has-system-serif-font-family\">Hier geht es zur Ausschreibung:<\/p>\r\n\r\n\r\n\r\n<div class=\"wp-block-file\"><a href=\"https:\/\/www.sc-neustadt.de\/wordpress\/wp-content\/uploads\/2025\/09\/Ausschreibung-31_WSSWK_2026_final.pdf\">Ausschreibung 31_WSSWK_2026_final<\/a><\/div>\r\n\r\n\r\n\r\n<p><a href=\"sw-meldungen@sc-neustadt.de\">Meldungen<\/a> an: sw-meldungen(at)sc-neustadt.de<\/p>\r\n<p><a href=\"https:\/\/www.sc-neustadt.de\/wordpress\/wp-content\/uploads\/2026\/04\/melde_gesamt.pdf\">melde_gesamt<\/a><br \/><a href=\"https:\/\/www.sc-neustadt.de\/wordpress\/wp-content\/uploads\/2026\/04\/melde_zeitplan.pdf\">melde_zeitplan<\/a><br \/><a href=\"https:\/\/www.sc-neustadt.de\/wordpress\/wp-content\/uploads\/2026\/04\/Kampfgericht.pdf\">Kampfgericht<\/a><\/p>\r\n<p><a href=\"https:\/\/www.sc-neustadt.de\/wordpress\/wp-content\/uploads\/2026\/04\/2026-Bahnrekorde-VOR.pdf\">2026 Bahnrekorde VOR<\/a><\/p>\r\n\r\n\r\n\r\n<p class=\"has-system-serif-font-family\">Staffelmeldung, bitte Ausdrucke mitbringen oder pdfs senden:\u00a0<br \/><a href=\"https:\/\/www.sc-neustadt.de\/wordpress\/wp-content\/uploads\/2025\/09\/Staffelmeldung-WSSWK-2026.pdf\">Staffelmeldung WSSWK 2026<\/a><br \/><a href=\"https:\/\/www.sc-neustadt.de\/wordpress\/wp-content\/uploads\/2026\/04\/Abmeldung.pdf\">Abmeldung<\/a><br \/><a href=\"https:\/\/protokoll-schwimmen.de\/livetiming.html\">Live-Timing w\u00e4hrend der Veranstaltung<\/a><\/p>\r\n<p><a href=\"https:\/\/www.sc-neustadt.de\/wordpress\/wp-content\/uploads\/2026\/04\/proto_gesamt.pdf\">proto_gesamt<\/a><br \/><a href=\"https:\/\/www.sc-neustadt.de\/wordpress\/wp-content\/uploads\/2026\/04\/Medaillenspiegel.pdf\">Medaillenspiegel<\/a><br \/><a href=\"https:\/\/protokoll-schwimmen.de\/wsswk26\/clubs.php\">Urkunden und Vereinsergebnisse<\/a><\/p>\r\n\r\n\r\n\r\n\r\n\r\n<div class=\"wp-block-columns is-layout-flex wp-container-core-columns-is-layout-28f84493 wp-block-columns-is-layout-flex\">\r\n<div class=\"wp-block-column is-layout-flow wp-block-column-is-layout-flow\">\r\n<figure class=\"wp-block-image size-large\"><img loading=\"lazy\" decoding=\"async\" src=\"https:\/\/www.sc-neustadt.de\/wordpress\/wp-content\/uploads\/2025\/04\/IMG-20200328-WA0000-Kopie-1-150x150.jpg\" alt=\"\" class=\"alignnone wp-image-184 size-thumbnail\" style=\"aspect-ratio: 1; object-fit: cover;\" width=\"150\" height=\"150\" \/><\/figure>\r\n<\/div>\r\n\r\n\r\n\r\n<div class=\"wp-block-column is-layout-flow wp-block-column-is-layout-flow\">\r\n<figure class=\"wp-block-image size-large\"><img loading=\"lazy\" decoding=\"async\" src=\"https:\/\/www.sc-neustadt.de\/wordpress\/wp-content\/uploads\/2025\/04\/FullSizeRender-Kopie-150x150.jpg\" alt=\"\" class=\"alignnone wp-image-183 size-thumbnail\" style=\"aspect-ratio: 1; object-fit: cover;\" width=\"150\" height=\"150\" \/><\/figure>\r\n<\/div>\r\n<\/div>\r\n","protected":false},"excerpt":{"rendered":"<p>Am 18. und 19. April 2026 l\u00e4dt der SCN zu seinen Weinstra\u00dfen-Schwimmwettk\u00e4mpfen ein, dies bereits zum 31. Mal. Allen Teilnehmerinnen und Teilnehmern viel Erfolg. Hier geht es zur Ausschreibung: Meldungen an: sw-meldungen(at)sc-neustadt.de melde_gesamtmelde_zeitplanKampfgericht 2026 Bahnrekorde VOR Staffelmeldung, bitte Ausdrucke mitbringen oder pdfs senden:\u00a0Staffelmeldung WSSWK 2026AbmeldungLive-Timing w\u00e4hrend der Veranstaltung proto_gesamtMedaillenspiegelUrkunden und [&hellip;]<\/p>\n","protected":false},"author":2,"featured_media":184,"parent":0,"menu_order":5,"comment_status":"closed","ping_status":"closed","template":"","meta":{"_themeisle_gutenberg_block_has_review":false,"footnotes":""},"class_list":["post-88","page","type-page","status-publish","has-post-thumbnail","hentry"],"_links":{"self":[{"href":"https:\/\/www.sc-neustadt.de\/wordpress\/wp-json\/wp\/v2\/pages\/88","targetHints":{"allow":["GET"]}}],"collection":[{"href":"https:\/\/www.sc-neustadt.de\/wordpress\/wp-json\/wp\/v2\/pages"}],"about":[{"href":"https:\/\/www.sc-neustadt.de\/wordpress\/wp-json\/wp\/v2\/types\/page"}],"author":[{"embeddable":true,"href":"https:\/\/www.sc-neustadt.de\/wordpress\/wp-json\/wp\/v2\/users\/2"}],"replies":[{"embeddable":true,"href":"https:\/\/www.sc-neustadt.de\/wordpress\/wp-json\/wp\/v2\/comments?post=88"}],"version-history":[{"count":21,"href":"https:\/\/www.sc-neustadt.de\/wordpress\/wp-json\/wp\/v2\/pages\/88\/revisions"}],"predecessor-version":[{"id":1075,"href":"https:\/\/www.sc-neustadt.de\/wordpress\/wp-json\/wp\/v2\/pages\/88\/revisions\/1075"}],"wp:featuredmedia":[{"embeddable":true,"href":"https:\/\/www.sc-neustadt.de\/wordpress\/wp-json\/wp\/v2\/media\/184"}],"wp:attachment":[{"href":"https:\/\/www.sc-neustadt.de\/wordpress\/wp-json\/wp\/v2\/media?parent=88"}],"curies":[{"name":"wp","href":"https:\/\/api.w.org\/{rel}","templated":true}]}}