{"id":865,"date":"2025-09-17T18:02:52","date_gmt":"2025-09-17T16:02:52","guid":{"rendered":"https:\/\/www.sc-neustadt.de\/wordpress\/?page_id=865"},"modified":"2026-03-29T11:22:17","modified_gmt":"2026-03-29T09:22:17","slug":"schwimmschule-fuer-kinder","status":"publish","type":"page","link":"https:\/\/www.sc-neustadt.de\/wordpress\/schwimmschule\/schwimmschule-fuer-kinder\/","title":{"rendered":"Schwimmschule f\u00fcr Kinder"},"content":{"rendered":"<p>Zweimal im Jahr bietet der SCN Schwimmschulen an. Die Sommerschwimmschule findet in den rheinland-pf\u00e4lzischen Sommerferien und die Winterschwimmschule im November statt. Hier lernen die Kinder durch t\u00e4gliches Training \u00fcber drei Wochen das Schwimmen. Ziel ist es, dass jedes Kind mit dem Seepferdchen abschlie\u00dft. Die Schwimmschule ist f\u00fcr Kinder ab sechs Jahre. Sobald wir Termine f\u00fcr die n\u00e4chste Schwimmschule haben, erfahrt ihr es hier oder in unserer SCN-App. Auf der Startseite findet ihr den Button Schwimmschule. Eine Anmeldung in der App ist auch ohne Profil m\u00f6glich.<\/p>\n<p><a href=\"https:\/\/www.sc-neustadt.de\/wordpress\/winterschwimmschule-2025-2026\/\">Sommerschwimmschule 2026<\/a><\/p>\n","protected":false},"excerpt":{"rendered":"<p>Zweimal im Jahr bietet der SCN Schwimmschulen an. Die Sommerschwimmschule findet in den rheinland-pf\u00e4lzischen Sommerferien und die Winterschwimmschule im November statt. Hier lernen die Kinder durch t\u00e4gliches Training \u00fcber drei Wochen das Schwimmen. Ziel ist es, dass jedes Kind mit dem Seepferdchen abschlie\u00dft. Die Schwimmschule ist f\u00fcr Kinder ab sechs [&hellip;]<\/p>\n","protected":false},"author":2,"featured_media":0,"parent":273,"menu_order":0,"comment_status":"closed","ping_status":"closed","template":"","meta":{"_themeisle_gutenberg_block_has_review":false,"footnotes":""},"class_list":["post-865","page","type-page","status-publish","hentry"],"_links":{"self":[{"href":"https:\/\/www.sc-neustadt.de\/wordpress\/wp-json\/wp\/v2\/pages\/865","targetHints":{"allow":["GET"]}}],"collection":[{"href":"https:\/\/www.sc-neustadt.de\/wordpress\/wp-json\/wp\/v2\/pages"}],"about":[{"href":"https:\/\/www.sc-neustadt.de\/wordpress\/wp-json\/wp\/v2\/types\/page"}],"author":[{"embeddable":true,"href":"https:\/\/www.sc-neustadt.de\/wordpress\/wp-json\/wp\/v2\/users\/2"}],"replies":[{"embeddable":true,"href":"https:\/\/www.sc-neustadt.de\/wordpress\/wp-json\/wp\/v2\/comments?post=865"}],"version-history":[{"count":6,"href":"https:\/\/www.sc-neustadt.de\/wordpress\/wp-json\/wp\/v2\/pages\/865\/revisions"}],"predecessor-version":[{"id":1037,"href":"https:\/\/www.sc-neustadt.de\/wordpress\/wp-json\/wp\/v2\/pages\/865\/revisions\/1037"}],"up":[{"embeddable":true,"href":"https:\/\/www.sc-neustadt.de\/wordpress\/wp-json\/wp\/v2\/pages\/273"}],"wp:attachment":[{"href":"https:\/\/www.sc-neustadt.de\/wordpress\/wp-json\/wp\/v2\/media?parent=865"}],"curies":[{"name":"wp","href":"https:\/\/api.w.org\/{rel}","templated":true}]}}