{"id":858,"date":"2025-09-17T18:03:30","date_gmt":"2025-09-17T16:03:30","guid":{"rendered":"https:\/\/www.sc-neustadt.de\/wordpress\/?page_id=858"},"modified":"2025-09-28T11:03:52","modified_gmt":"2025-09-28T09:03:52","slug":"schwimmen-lernen-fuer-erwachsene","status":"publish","type":"page","link":"https:\/\/www.sc-neustadt.de\/wordpress\/schwimmschule\/schwimmen-lernen-fuer-erwachsene\/","title":{"rendered":"Schwimmen lernen f\u00fcr Erwachsene"},"content":{"rendered":"<p class=\"has-system-serif-font-family\">Der SCN bietet bei Bedarf auch \u201eSchwimmen lernen f\u00fcr Erwachsene\u201c an, also f\u00fcr erwachsene Nichtschwimmer. Der Kurs findet an 10 Dienstagen von 7. Oktober &#8211; 9. Dezember 2025 von 18:00-19:00 Uhr statt. Die Kursgeb\u00fchr betr\u00e4gt 150,- \u20ac f\u00fcr Nichtmitglieder (SCN-Mitglieder 100,- \u20ac). Den Kurs leitet Stephanie Schnitzer.<\/p>\r\n<p>Die Anmeldung zum Schwimmkurs f\u00fcr Erwachsene erfolgt ausschlie\u00dflich \u00fcber die SCN-App!<\/p>\r\n<figure class=\"wp-block-image size-full is-resized\">\r\n<figcaption class=\"wp-element-caption\">Hier geht es zu unsere SCN-App<br \/><img loading=\"lazy\" decoding=\"async\" src=\"https:\/\/www.sc-neustadt.de\/wordpress\/wp-content\/uploads\/2025\/04\/Teilen-150x150.png\" alt=\"\" width=\"150\" height=\"150\" class=\"alignnone wp-image-206 size-thumbnail\" srcset=\"https:\/\/www.sc-neustadt.de\/wordpress\/wp-content\/uploads\/2025\/04\/Teilen-150x150.png 150w, https:\/\/www.sc-neustadt.de\/wordpress\/wp-content\/uploads\/2025\/04\/Teilen-300x300.png 300w, https:\/\/www.sc-neustadt.de\/wordpress\/wp-content\/uploads\/2025\/04\/Teilen.png 502w\" sizes=\"auto, (max-width: 150px) 100vw, 150px\" \/><\/figcaption>\r\nStartseite\/Schwimmschule\/Termin: Schwimmenlernen f\u00fcr Erwachsene<\/figure>\r\n<!-- \/wp:post-content -->\r\n\r\n<!-- wp:paragraph {\"fontFamily\":\"system-serif\"} -->\r\n<p class=\"has-system-serif-font-family\">Bitte beachten Sie:<\/p>\r\n<!-- \/wp:paragraph -->\r\n\r\n<!-- wp:paragraph {\"fontFamily\":\"system-serif\"} -->\r\n<p class=\"has-system-serif-font-family\">Die Anmeldung ist erst mit Eingang und Best\u00e4tigung der Bezahlung vollst\u00e4ndig. Die Zahlung hat innerhalb von 48 Stunden zu erfolgen, ansonsten wird der Platz wieder freigegeben und Personen auf der Warteliste haben die M\u00f6glichkeit, diesen Platz zu buchen. <strong>Zus\u00e4tzlich<\/strong> ben\u00f6tigen Sie f\u00fcr jeden Kurstag eine <strong>g\u00fcltige Eintrittskarte <\/strong>f\u00fcr das Stadionbad. Bitte informieren Sie sich beim Stadionbad \u00fcber die Angebote und Preise.<\/p>","protected":false},"excerpt":{"rendered":"<p>Der SCN bietet bei Bedarf auch \u201eSchwimmen lernen f\u00fcr Erwachsene\u201c an, also f\u00fcr erwachsene Nichtschwimmer. Der Kurs findet an 10 Dienstagen von 7. Oktober &#8211; 9. Dezember 2025 von 18:00-19:00 Uhr statt. Die Kursgeb\u00fchr betr\u00e4gt 150,- \u20ac f\u00fcr Nichtmitglieder (SCN-Mitglieder 100,- \u20ac). Den Kurs leitet Stephanie Schnitzer. Die Anmeldung zum [&hellip;]<\/p>\n","protected":false},"author":2,"featured_media":0,"parent":273,"menu_order":0,"comment_status":"closed","ping_status":"closed","template":"","meta":{"_themeisle_gutenberg_block_has_review":false,"footnotes":""},"class_list":["post-858","page","type-page","status-publish","hentry"],"_links":{"self":[{"href":"https:\/\/www.sc-neustadt.de\/wordpress\/wp-json\/wp\/v2\/pages\/858","targetHints":{"allow":["GET"]}}],"collection":[{"href":"https:\/\/www.sc-neustadt.de\/wordpress\/wp-json\/wp\/v2\/pages"}],"about":[{"href":"https:\/\/www.sc-neustadt.de\/wordpress\/wp-json\/wp\/v2\/types\/page"}],"author":[{"embeddable":true,"href":"https:\/\/www.sc-neustadt.de\/wordpress\/wp-json\/wp\/v2\/users\/2"}],"replies":[{"embeddable":true,"href":"https:\/\/www.sc-neustadt.de\/wordpress\/wp-json\/wp\/v2\/comments?post=858"}],"version-history":[{"count":9,"href":"https:\/\/www.sc-neustadt.de\/wordpress\/wp-json\/wp\/v2\/pages\/858\/revisions"}],"predecessor-version":[{"id":905,"href":"https:\/\/www.sc-neustadt.de\/wordpress\/wp-json\/wp\/v2\/pages\/858\/revisions\/905"}],"up":[{"embeddable":true,"href":"https:\/\/www.sc-neustadt.de\/wordpress\/wp-json\/wp\/v2\/pages\/273"}],"wp:attachment":[{"href":"https:\/\/www.sc-neustadt.de\/wordpress\/wp-json\/wp\/v2\/media?parent=858"}],"curies":[{"name":"wp","href":"https:\/\/api.w.org\/{rel}","templated":true}]}}