{"id":548,"date":"2025-04-07T18:59:21","date_gmt":"2025-04-07T16:59:21","guid":{"rendered":"https:\/\/www.sc-neustadt.de\/wordpress\/?page_id=548"},"modified":"2025-04-23T07:49:51","modified_gmt":"2025-04-23T05:49:51","slug":"datenschutz","status":"publish","type":"page","link":"https:\/\/www.sc-neustadt.de\/wordpress\/datenschutz\/","title":{"rendered":"Datenschutz"},"content":{"rendered":"<p data-start=\"290\" data-end=\"336\" class=\"\"><strong data-start=\"290\" data-end=\"336\">Schwimm-Club 1900 e.V. Neustadt \/ Weinstr.<\/strong><\/p>\n<p data-start=\"338\" data-end=\"370\" class=\"\"><strong data-start=\"338\" data-end=\"351\">Internet:<\/strong> <a data-start=\"352\" data-end=\"370\" rel=\"noopener\" target=\"_new\" class=\"\" href=\"http:\/\/www.sc-neustadt.de\">www.sc-neustadt.de<\/a><\/p>\n<p data-start=\"372\" data-end=\"439\" class=\"\"><strong data-start=\"372\" data-end=\"392\">Gesch\u00e4ftsstelle:<\/strong><br data-start=\"392\" data-end=\"395\" \/>Immo Bender<br data-start=\"406\" data-end=\"409\" \/>Talstra\u00dfe 110<br data-start=\"422\" data-end=\"425\" \/>67434 Neustadt<\/p>\n<p data-start=\"441\" data-end=\"485\" class=\"\"><strong data-start=\"441\" data-end=\"452\">E-Mail:<\/strong> <a data-start=\"453\" data-end=\"485\" rel=\"noopener\">Geschaeftsfuehrer(at)SC-Neustadt.de<\/a><\/p>\n<p data-start=\"487\" data-end=\"737\" class=\"\">Der Schwimm-Club 1900 e.V. Neustadt \/ Weinstra\u00dfe nimmt den Schutz Ihrer pers\u00f6nlichen Daten sehr ernst. Wir behandeln Ihre personenbezogenen Daten vertraulich und entsprechend der gesetzlichen Datenschutzvorschriften sowie dieser Datenschutzerkl\u00e4rung.<\/p>\n<p data-start=\"739\" data-end=\"1092\" class=\"\">Die Nutzung unserer Website ist in der Regel ohne Angabe personenbezogener Daten m\u00f6glich. Soweit auf unseren Seiten personenbezogene Daten (beispielsweise Name, Anschrift oder E-Mail-Adressen) erhoben werden, erfolgt dies, soweit m\u00f6glich, stets auf freiwilliger Basis. Diese Daten werden ohne Ihre ausdr\u00fcckliche Zustimmung nicht an Dritte weitergegeben.<\/p>\n<p data-start=\"1094\" data-end=\"1309\" class=\"\">Wir weisen darauf hin, dass die Daten\u00fcbertragung im Internet (z.B. bei der Kommunikation per E-Mail) Sicherheitsl\u00fccken aufweisen kann. Ein l\u00fcckenloser Schutz der Daten vor dem Zugriff durch Dritte ist nicht m\u00f6glich.<\/p>\n<h2 data-start=\"1311\" data-end=\"1325\" class=\"\"><strong data-start=\"1314\" data-end=\"1325\">Cookies<\/strong><\/h2>\n<p data-start=\"1327\" data-end=\"1632\" class=\"\">Die Internetseite verwendet lediglich sogenannte \u201eSession-Cookies\u201c. Cookies sind kleine Textdateien, die auf Ihrem Rechner abgelegt werden und die Ihr Browser speichert. Sie werden nach Ende Ihres Besuchs automatisch gel\u00f6scht. Cookies richten auf Ihrem Rechner keinen Schaden an und enthalten keine Viren.<\/p>\n<h2 data-start=\"1634\" data-end=\"1657\" class=\"\"><strong data-start=\"1637\" data-end=\"1657\">Server-Log-Files<\/strong><\/h2>\n<p data-start=\"1659\" data-end=\"1871\" class=\"\">Unser Internetprovider (die Homepage ist auf den Servern der Firma 1und1) erhebt und speichert automatisch Informationen in sogenannten Server Log Files, die Ihr Browser an unsere Homepage \u00fcbermittelt. Dies sind:<\/p>\n<ul data-start=\"1873\" data-end=\"2051\">\n<li data-start=\"1873\" data-end=\"1896\" class=\"\">\n<p data-start=\"1875\" data-end=\"1896\" class=\"\">Browsertyp\/-version<\/p>\n<\/li>\n<li data-start=\"1897\" data-end=\"1927\" class=\"\">\n<p data-start=\"1899\" data-end=\"1927\" class=\"\">verwendetes Betriebssystem<\/p>\n<\/li>\n<li data-start=\"1928\" data-end=\"1971\" class=\"\">\n<p data-start=\"1930\" data-end=\"1971\" class=\"\">Referrer URL (die zuvor besuchte Seite)<\/p>\n<\/li>\n<li data-start=\"1972\" data-end=\"2023\" class=\"\">\n<p data-start=\"1974\" data-end=\"2023\" class=\"\">Hostname des zugreifenden Rechners (IP Adresse)<\/p>\n<\/li>\n<li data-start=\"2024\" data-end=\"2051\" class=\"\">\n<p data-start=\"2026\" data-end=\"2051\" class=\"\">Uhrzeit der Serveranfrage<\/p>\n<\/li>\n<\/ul>\n<p data-start=\"2053\" data-end=\"2289\" class=\"\">Diese Daten sind f\u00fcr uns und f\u00fcr 1und1 nicht bestimmten Personen zuordenbar. Eine Zusammenf\u00fchrung dieser Daten mit anderen Datenquellen wird von uns nicht vorgenommen; die Daten werden zudem nach einer statistischen Auswertung gel\u00f6scht.<\/p>\n<h2 data-start=\"2291\" data-end=\"2313\" class=\"\"><strong data-start=\"2294\" data-end=\"2313\">Kontaktformular<\/strong><\/h2>\n<p data-start=\"2315\" data-end=\"2619\" class=\"\">Wenn Sie uns per Kontaktformular Anfragen zukommen lassen, werden Ihre Angaben aus dem Anfrageformular inklusive der von Ihnen dort angegebenen Kontaktdaten zwecks Bearbeitung der Anfrage und f\u00fcr den Fall von Anschlussfragen bei uns gespeichert. Diese Daten geben wir nicht ohne Ihre Einwilligung weiter.<\/p>\n<h2 data-start=\"2621\" data-end=\"2638\" class=\"\"><strong data-start=\"2624\" data-end=\"2638\">Newsletter<\/strong><\/h2>\n<p data-start=\"2640\" data-end=\"3207\" class=\"\">Wenn Sie den auf der Webseite angebotenen Newsletter empfangen m\u00f6chten, ben\u00f6tigen wir von Ihnen eine g\u00fcltige und \u00fcberpr\u00fcfte Email-Adresse sowie Informationen, die uns die \u00dcberpr\u00fcfung gestatten, dass Sie der Inhaber der angegebenen Email-Adresse sind bzw. deren Inhaber mit dem Empfang des Newsletters einverstanden ist. Daf\u00fcr senden wir Ihnen nach der Anmeldung an die von Ihnen angegebene Email-Adresse eine E-Mail mit einem Link, den Sie best\u00e4tigen m\u00fcssen. Erst dann sind Sie in unserer Verteilerliste f\u00fcr Newsletter aufgenommen. Weitere Daten werden nicht erhoben.<\/p>\n<p data-start=\"3209\" data-end=\"3398\" class=\"\">Ihre Einwilligung zur Speicherung der Daten, der Email-Adresse sowie deren Nutzung zum Versand des Newsletters k\u00f6nnen Sie jederzeit widerrufen, etwa \u00fcber den \u201cAustragen\u201d-Link im Newsletter.<\/p>\n<h2 data-start=\"3400\" data-end=\"3423\" class=\"\"><strong data-start=\"3403\" data-end=\"3423\">Facebook-Plugins<\/strong><\/h2>\n<p data-start=\"3425\" data-end=\"3791\" class=\"\">Auf unseren Seiten sind Plugins des sozialen Netzwerks Facebook, Anbieter Facebook Inc., 1 Hacker Way, Menlo Park, California 94025, USA, integriert. Die Facebook-Plugins erkennen Sie an dem Facebook-Logo oder dem \u201cLike-Button\u201d (\u201cGef\u00e4llt mir\u201d) auf unserer Seite. Eine \u00dcbersicht \u00fcber die Facebook-Plugins finden Sie hier: <a data-start=\"3746\" data-end=\"3791\" rel=\"noopener\" target=\"_new\" class=\"\" href=\"https:\/\/developers.facebook.com\/docs\/plugins\/\">https:\/\/developers.facebook.com\/docs\/plugins\/<\/a><\/p>\n<p data-start=\"3793\" data-end=\"4554\" class=\"\">Wenn Sie unsere Seiten besuchen, wird \u00fcber das Plugin eine direkte Verbindung zwischen Ihrem Browser und dem Facebook-Server hergestellt. Facebook erh\u00e4lt dadurch die Information, dass Sie mit Ihrer IP-Adresse unsere Seite besucht haben. Wenn Sie den Facebook \u201cLike-Button\u201d anklicken w\u00e4hrend Sie in Ihrem Facebook-Account eingeloggt sind, k\u00f6nnen Sie die Inhalte unserer Seiten auf Ihrem Facebook-Profil verlinken. Dadurch kann Facebook den Besuch unserer Seiten Ihrem Benutzerkonto zuordnen. Wir weisen darauf hin, dass wir als Anbieter der Seiten keine Kenntnis vom Inhalt der \u00fcbermittelten Daten sowie deren Nutzung durch Facebook erhalten. Weitere Informationen hierzu finden Sie in der Datenschutzerkl\u00e4rung von Facebook: <a data-start=\"4517\" data-end=\"4554\" rel=\"noopener\" target=\"_new\" class=\"\" href=\"https:\/\/de-de.facebook.com\/policy.php\">https:\/\/de-de.facebook.com\/policy.php<\/a><\/p>\n<p data-start=\"4556\" data-end=\"4722\" class=\"\">Wenn Sie nicht w\u00fcnschen, dass Facebook den Besuch unserer Seiten Ihrem Facebook-Nutzerkonto zuordnen kann, loggen Sie sich bitte aus Ihrem Facebook-Benutzerkonto aus.<\/p>\n<h2 data-start=\"4724\" data-end=\"4740\" class=\"\"><strong data-start=\"4727\" data-end=\"4740\">Instagram<\/strong><\/h2>\n<p data-start=\"4742\" data-end=\"5316\" class=\"\">Auf unseren Seiten sind Funktionen des Dienstes Instagram eingebunden. Diese Funktionen werden angeboten durch die Instagram Inc., 1601 Willow Road, Menlo Park, CA, 94025, USA. Wenn Sie in Ihrem Instagram-Account eingeloggt sind, k\u00f6nnen Sie durch Anklicken des Instagram-Buttons die Inhalte unserer Seiten mit Ihrem Instagram-Profil verlinken. Dadurch kann Instagram den Besuch unserer Seiten Ihrem Benutzerkonto zuordnen. Wir weisen darauf hin, dass wir als Anbieter der Seiten keine Kenntnis vom Inhalt der \u00fcbermittelten Daten sowie deren Nutzung durch Instagram erhalten.<\/p>\n<p data-start=\"5318\" data-end=\"5443\" class=\"\">Weitere Informationen hierzu finden Sie in der Datenschutzerkl\u00e4rung von Instagram: <a data-start=\"5401\" data-end=\"5443\" rel=\"noopener\" target=\"_new\" class=\"\" href=\"https:\/\/instagram.com\/about\/legal\/privacy\/\">https:\/\/instagram.com\/about\/legal\/privacy\/<\/a><\/p>\n<h2 data-start=\"5445\" data-end=\"5459\" class=\"\"><strong data-start=\"5448\" data-end=\"5459\">Youtube<\/strong><\/h2>\n<p data-start=\"5461\" data-end=\"5840\" class=\"\">Unsere Website nutzt Plugins der von Google betriebenen Seite YouTube. Betreiber der Seiten ist die YouTube, LLC, 901 Cherry Ave., San Bruno, CA 94066, USA. Wenn Sie eine unserer mit einem YouTube-Plugin ausgestatteten Seiten besuchen, wird eine Verbindung zu den Servern von YouTube hergestellt. Dabei wird dem YouTube-Server mitgeteilt, welche unserer Seiten Sie besucht haben.<\/p>\n<p data-start=\"5842\" data-end=\"6060\" class=\"\">Wenn Sie in Ihrem YouTube-Account eingeloggt sind, erm\u00f6glichen Sie YouTube, Ihr Surfverhalten direkt Ihrem pers\u00f6nlichen Profil zuzuordnen. Dies k\u00f6nnen Sie verhindern, indem Sie sich aus Ihrem YouTube-Account ausloggen.<\/p>\n<p data-start=\"6062\" data-end=\"6209\" class=\"\">Weitere Informationen zum Umgang von Nutzerdaten finden Sie in der Datenschutzerkl\u00e4rung von YouTube: <a data-start=\"6163\" data-end=\"6209\" rel=\"noopener\" target=\"_new\" class=\"\" href=\"https:\/\/www.google.de\/intl\/de\/policies\/privacy\">https:\/\/www.google.de\/intl\/de\/policies\/privacy<\/a><\/p>\n<h2 data-start=\"6211\" data-end=\"6237\" class=\"\"><strong data-start=\"6214\" data-end=\"6237\">SSL-Verschl\u00fcsselung<\/strong><\/h2>\n<p data-start=\"6239\" data-end=\"6609\" class=\"\">Diese Seite nutzt aus Gr\u00fcnden der Sicherheit und zum Schutz der \u00dcbertragung vertraulicher Inhalte, wie zum Beispiel der Anfragen, die Sie an uns als Seitenbetreiber senden, eine SSL-Verschl\u00fcsselung. Eine verschl\u00fcsselte Verbindung erkennen Sie daran, dass die Adresszeile des Browsers von \u201chttp:\/\/\u201d auf \u201chttps:\/\/\u201d wechselt und an dem Schloss-Symbol in Ihrer Browserzeile.<\/p>\n<p data-start=\"6611\" data-end=\"6737\" class=\"\">Wenn die SSL-Verschl\u00fcsselung aktiviert ist, k\u00f6nnen die Daten, die Sie an uns \u00fcbermitteln, nicht von Dritten mitgelesen werden.<\/p>\n<h2 data-start=\"6739\" data-end=\"6784\" class=\"\"><strong data-start=\"6742\" data-end=\"6784\">Recht auf Auskunft, L\u00f6schung, Sperrung<\/strong><\/h2>\n<p data-start=\"6786\" data-end=\"7191\" class=\"\">Sie haben jederzeit das Recht auf unentgeltliche Auskunft \u00fcber Ihre gespeicherten personenbezogenen Daten, deren Herkunft und Empf\u00e4nger sowie den Zweck der Datenverarbeitung. Ebenso haben Sie ein Recht auf Berichtigung, Sperrung oder L\u00f6schung dieser Daten. Hierzu sowie zu weiteren Fragen zum Thema personenbezogene Daten k\u00f6nnen Sie sich jederzeit unter der im Impressum angegebenen Adresse an uns wenden.<\/p>\n","protected":false},"excerpt":{"rendered":"<p>Schwimm-Club 1900 e.V. Neustadt \/ Weinstr. Internet: www.sc-neustadt.de Gesch\u00e4ftsstelle:Immo BenderTalstra\u00dfe 11067434 Neustadt E-Mail: Geschaeftsfuehrer(at)SC-Neustadt.de Der Schwimm-Club 1900 e.V. Neustadt \/ Weinstra\u00dfe nimmt den Schutz Ihrer pers\u00f6nlichen Daten sehr ernst. Wir behandeln Ihre personenbezogenen Daten vertraulich und entsprechend der gesetzlichen Datenschutzvorschriften sowie dieser Datenschutzerkl\u00e4rung. Die Nutzung unserer Website ist in der [&hellip;]<\/p>\n","protected":false},"author":1,"featured_media":0,"parent":0,"menu_order":0,"comment_status":"closed","ping_status":"closed","template":"","meta":{"_themeisle_gutenberg_block_has_review":false,"footnotes":""},"class_list":["post-548","page","type-page","status-publish","hentry"],"_links":{"self":[{"href":"https:\/\/www.sc-neustadt.de\/wordpress\/wp-json\/wp\/v2\/pages\/548","targetHints":{"allow":["GET"]}}],"collection":[{"href":"https:\/\/www.sc-neustadt.de\/wordpress\/wp-json\/wp\/v2\/pages"}],"about":[{"href":"https:\/\/www.sc-neustadt.de\/wordpress\/wp-json\/wp\/v2\/types\/page"}],"author":[{"embeddable":true,"href":"https:\/\/www.sc-neustadt.de\/wordpress\/wp-json\/wp\/v2\/users\/1"}],"replies":[{"embeddable":true,"href":"https:\/\/www.sc-neustadt.de\/wordpress\/wp-json\/wp\/v2\/comments?post=548"}],"version-history":[{"count":3,"href":"https:\/\/www.sc-neustadt.de\/wordpress\/wp-json\/wp\/v2\/pages\/548\/revisions"}],"predecessor-version":[{"id":679,"href":"https:\/\/www.sc-neustadt.de\/wordpress\/wp-json\/wp\/v2\/pages\/548\/revisions\/679"}],"wp:attachment":[{"href":"https:\/\/www.sc-neustadt.de\/wordpress\/wp-json\/wp\/v2\/media?parent=548"}],"curies":[{"name":"wp","href":"https:\/\/api.w.org\/{rel}","templated":true}]}}