{"id":54,"date":"2025-03-20T22:05:25","date_gmt":"2025-03-20T21:05:25","guid":{"rendered":"https:\/\/www.sc-neustadt.de\/wordpress\/?page_id=54"},"modified":"2025-04-23T08:19:43","modified_gmt":"2025-04-23T06:19:43","slug":"leistungsschwimmen","status":"publish","type":"page","link":"https:\/\/www.sc-neustadt.de\/wordpress\/leistungsschwimmen\/","title":{"rendered":"Leistungsschwimmen"},"content":{"rendered":"\r\n<div class=\"wp-block-columns is-layout-flex wp-container-core-columns-is-layout-28f84493 wp-block-columns-is-layout-flex\">\r\n<div class=\"wp-block-column is-layout-flow wp-block-column-is-layout-flow\" style=\"flex-basis: 66.66%;\">\r\n<p class=\"has-system-serif-font-family\">Ziel des Wettkampftrainings ist der Ausbau der F\u00e4higkeiten aus dem Grundlagentraining, um das Erlernte in Wettk\u00e4mpfen verschiedener Art anzuwenden:<\/p>\r\n\r\n\r\n\r\n<ul class=\"wp-block-list\">\r\n<li class=\"has-system-serif-font-family\">SWSV-Wettk\u00e4mpfe (Wettk\u00e4mpfe des S\u00fcdwestdeutschen Schwimmverbandes)<\/li>\r\n\r\n\r\n\r\n<li class=\"has-system-serif-font-family\">Rheinland-Pfalz Meisterschaften<\/li>\r\n\r\n\r\n\r\n<li class=\"has-system-serif-font-family\">DMS-J<\/li>\r\n\r\n\r\n\r\n<li class=\"has-system-serif-font-family\">DMS<\/li>\r\n\r\n\r\n\r\n<li class=\"has-system-serif-font-family\">S\u00fcddeutsche Meisterschaften<\/li>\r\n\r\n\r\n\r\n<li class=\"has-system-serif-font-family\">Deutsche Meisterschaften<\/li>\r\n<\/ul>\r\n<\/div>\r\n\r\n\r\n\r\n<div class=\"wp-block-column is-layout-flow wp-block-column-is-layout-flow\" style=\"flex-basis: 33.33%;\"><\/div>\r\n<\/div>\r\n\r\n\r\n\r\n<div class=\"wp-block-columns is-layout-flex wp-container-core-columns-is-layout-28f84493 wp-block-columns-is-layout-flex\">\r\n<div class=\"wp-block-column is-layout-flow wp-block-column-is-layout-flow\">\r\n<p class=\"has-system-serif-font-family\"><strong><a href=\"https:\/\/www.sc-neustadt.de\/wordpress\/der-scn\/schwimmen\/leistungsschwimmen\/nachswuchskader\/\" data-type=\"page\" data-id=\"258\">Nachwuchskader<\/a><\/strong><\/p>\r\n<\/div>\r\n\r\n\r\n\r\n<div class=\"wp-block-column is-layout-flow wp-block-column-is-layout-flow\">\r\n<p class=\"has-system-serif-font-family\"><strong><a href=\"https:\/\/www.sc-neustadt.de\/wordpress\/der-scn\/schwimmen\/leistungsschwimmen\/foerderkader-fk\/\" data-type=\"page\" data-id=\"60\">F\u00f6rderkader<\/a><\/strong><\/p>\r\n<\/div>\r\n\r\n\r\n\r\n<div class=\"wp-block-column is-layout-flow wp-block-column-is-layout-flow\">\r\n<p class=\"has-system-serif-font-family\"><strong><a href=\"https:\/\/www.sc-neustadt.de\/wordpress\/der-scn\/schwimmen\/leistungsschwimmen\/leistungskader\/\" data-type=\"page\" data-id=\"254\">Leistungskader<\/a><\/strong><\/p>\r\n<\/div>\r\n<\/div>\r\n\r\n\r\n\r\n<figure class=\"wp-block-image size-large\"><img loading=\"lazy\" decoding=\"async\" width=\"1024\" height=\"392\" src=\"https:\/\/www.sc-neustadt.de\/wordpress\/wp-content\/uploads\/2025\/04\/SCN_Schwimmer-1024x392.png\" alt=\"\" class=\"wp-image-380\" srcset=\"https:\/\/www.sc-neustadt.de\/wordpress\/wp-content\/uploads\/2025\/04\/SCN_Schwimmer-1024x392.png 1024w, https:\/\/www.sc-neustadt.de\/wordpress\/wp-content\/uploads\/2025\/04\/SCN_Schwimmer-300x115.png 300w, https:\/\/www.sc-neustadt.de\/wordpress\/wp-content\/uploads\/2025\/04\/SCN_Schwimmer-768x294.png 768w, https:\/\/www.sc-neustadt.de\/wordpress\/wp-content\/uploads\/2025\/04\/SCN_Schwimmer-1536x588.png 1536w, https:\/\/www.sc-neustadt.de\/wordpress\/wp-content\/uploads\/2025\/04\/SCN_Schwimmer-2048x784.png 2048w\" sizes=\"auto, (max-width: 1024px) 100vw, 1024px\" \/><\/figure>\r\n","protected":false},"excerpt":{"rendered":"<p>Ziel des Wettkampftrainings ist der Ausbau der F\u00e4higkeiten aus dem Grundlagentraining, um das Erlernte in Wettk\u00e4mpfen verschiedener Art anzuwenden: Nachwuchskader F\u00f6rderkader Leistungskader<\/p>\n","protected":false},"author":2,"featured_media":423,"parent":0,"menu_order":2,"comment_status":"closed","ping_status":"closed","template":"","meta":{"_themeisle_gutenberg_block_has_review":false,"footnotes":""},"class_list":["post-54","page","type-page","status-publish","has-post-thumbnail","hentry"],"_links":{"self":[{"href":"https:\/\/www.sc-neustadt.de\/wordpress\/wp-json\/wp\/v2\/pages\/54","targetHints":{"allow":["GET"]}}],"collection":[{"href":"https:\/\/www.sc-neustadt.de\/wordpress\/wp-json\/wp\/v2\/pages"}],"about":[{"href":"https:\/\/www.sc-neustadt.de\/wordpress\/wp-json\/wp\/v2\/types\/page"}],"author":[{"embeddable":true,"href":"https:\/\/www.sc-neustadt.de\/wordpress\/wp-json\/wp\/v2\/users\/2"}],"replies":[{"embeddable":true,"href":"https:\/\/www.sc-neustadt.de\/wordpress\/wp-json\/wp\/v2\/comments?post=54"}],"version-history":[{"count":12,"href":"https:\/\/www.sc-neustadt.de\/wordpress\/wp-json\/wp\/v2\/pages\/54\/revisions"}],"predecessor-version":[{"id":689,"href":"https:\/\/www.sc-neustadt.de\/wordpress\/wp-json\/wp\/v2\/pages\/54\/revisions\/689"}],"wp:featuredmedia":[{"embeddable":true,"href":"https:\/\/www.sc-neustadt.de\/wordpress\/wp-json\/wp\/v2\/media\/423"}],"wp:attachment":[{"href":"https:\/\/www.sc-neustadt.de\/wordpress\/wp-json\/wp\/v2\/media?parent=54"}],"curies":[{"name":"wp","href":"https:\/\/api.w.org\/{rel}","templated":true}]}}