{"id":32,"date":"2025-03-20T22:01:24","date_gmt":"2025-03-20T21:01:24","guid":{"rendered":"https:\/\/www.sc-neustadt.de\/wordpress\/?page_id=32"},"modified":"2026-04-08T10:07:46","modified_gmt":"2026-04-08T08:07:46","slug":"unsere-sponsoren","status":"publish","type":"page","link":"https:\/\/www.sc-neustadt.de\/wordpress\/der-verein\/unsere-sponsoren\/","title":{"rendered":"Unsere Sponsoren"},"content":{"rendered":"\r\n<p class=\"has-system-serif-font-family\">Herzlichen Dank an unsere Sponsoren!<\/p>\r\n<!-- \/wp:paragraph-->\r\n\r\n\r\n<p class=\"has-system-serif-font-family\">Wie jeder Verein sind wir auf Spenden und Sponsorengelder angewiesen, um die Kosten die durch die Club-Aktivit\u00e4ten entstehen zu decken. Nur der Hilfe und Unterst\u00fctzung Vieler ist es zu verdanken, dass wir die Club-Aktivit\u00e4ten in diesem Umfang durchf\u00fchren k\u00f6nnen. Bei folgenden Sponsoren bedanken wir uns recht herzlich f\u00fcr die Unterst\u00fctzung und empfehlen unseren Fans und Mitgliedern, Ihren Bedarf bevorzugt dort zu decken.<\/p>\r\n<p class=\"has-system-serif-font-family\">Gemeinsame Sponsoren des SCN und F\u00f6rderverein Wasserball.<\/p>\r\n<p><img loading=\"lazy\" decoding=\"async\" src=\"https:\/\/www.sc-neustadt.de\/wordpress\/wp-content\/uploads\/2026\/01\/Sponsoren-Lotto-300x109.jpg\" alt=\"\" width=\"300\" height=\"109\" class=\"alignnone wp-image-1017 size-medium\" srcset=\"https:\/\/www.sc-neustadt.de\/wordpress\/wp-content\/uploads\/2026\/01\/Sponsoren-Lotto-300x109.jpg 300w, https:\/\/www.sc-neustadt.de\/wordpress\/wp-content\/uploads\/2026\/01\/Sponsoren-Lotto.jpg 442w\" sizes=\"auto, (max-width: 300px) 100vw, 300px\" \/><\/p>\r\n\r\n\r\n\r\n\r\n\r\n<div class=\"wp-block-columns is-layout-flex wp-container-core-columns-is-layout-28f84493 wp-block-columns-is-layout-flex\">\r\n<div class=\"wp-block-column is-layout-flow wp-block-column-is-layout-flow\">\r\n<figure class=\"wp-block-image size-large\"><img loading=\"lazy\" decoding=\"async\" width=\"1024\" height=\"605\" src=\"https:\/\/www.sc-neustadt.de\/wordpress\/wp-content\/uploads\/2025\/03\/Logo_Gerlinger1-1-1024x605.jpg\" alt=\"\" class=\"wp-image-80\" srcset=\"https:\/\/www.sc-neustadt.de\/wordpress\/wp-content\/uploads\/2025\/03\/Logo_Gerlinger1-1-1024x605.jpg 1024w, https:\/\/www.sc-neustadt.de\/wordpress\/wp-content\/uploads\/2025\/03\/Logo_Gerlinger1-1-300x177.jpg 300w, https:\/\/www.sc-neustadt.de\/wordpress\/wp-content\/uploads\/2025\/03\/Logo_Gerlinger1-1-768x454.jpg 768w, https:\/\/www.sc-neustadt.de\/wordpress\/wp-content\/uploads\/2025\/03\/Logo_Gerlinger1-1.jpg 1300w\" sizes=\"auto, (max-width: 1024px) 100vw, 1024px\" \/><\/figure>\r\n<\/div>\r\n\r\n\r\n\r\n<div class=\"wp-block-column is-layout-flow wp-block-column-is-layout-flow\">\r\n<figure class=\"wp-block-image size-large\"><img loading=\"lazy\" decoding=\"async\" width=\"1024\" height=\"390\" src=\"https:\/\/www.sc-neustadt.de\/wordpress\/wp-content\/uploads\/2025\/03\/YG_Logo_2020-1024x390.jpeg\" alt=\"\" class=\"wp-image-78\" srcset=\"https:\/\/www.sc-neustadt.de\/wordpress\/wp-content\/uploads\/2025\/03\/YG_Logo_2020-1024x390.jpeg 1024w, https:\/\/www.sc-neustadt.de\/wordpress\/wp-content\/uploads\/2025\/03\/YG_Logo_2020-300x114.jpeg 300w, https:\/\/www.sc-neustadt.de\/wordpress\/wp-content\/uploads\/2025\/03\/YG_Logo_2020-768x292.jpeg 768w, https:\/\/www.sc-neustadt.de\/wordpress\/wp-content\/uploads\/2025\/03\/YG_Logo_2020-1536x584.jpeg 1536w, https:\/\/www.sc-neustadt.de\/wordpress\/wp-content\/uploads\/2025\/03\/YG_Logo_2020.jpeg 1669w\" sizes=\"auto, (max-width: 1024px) 100vw, 1024px\" \/><\/figure>\r\n<\/div>\r\n\r\n\r\n\r\n<div class=\"wp-block-column is-layout-flow wp-block-column-is-layout-flow\">\r\n<figure class=\"wp-block-image size-large\"><img loading=\"lazy\" decoding=\"async\" width=\"1024\" height=\"366\" src=\"https:\/\/www.sc-neustadt.de\/wordpress\/wp-content\/uploads\/2025\/03\/Logo_Schlosser_2021-1024x366.jpg\" alt=\"\" class=\"wp-image-77\" srcset=\"https:\/\/www.sc-neustadt.de\/wordpress\/wp-content\/uploads\/2025\/03\/Logo_Schlosser_2021-1024x366.jpg 1024w, https:\/\/www.sc-neustadt.de\/wordpress\/wp-content\/uploads\/2025\/03\/Logo_Schlosser_2021-300x107.jpg 300w, https:\/\/www.sc-neustadt.de\/wordpress\/wp-content\/uploads\/2025\/03\/Logo_Schlosser_2021-768x274.jpg 768w, https:\/\/www.sc-neustadt.de\/wordpress\/wp-content\/uploads\/2025\/03\/Logo_Schlosser_2021-1536x549.jpg 1536w, https:\/\/www.sc-neustadt.de\/wordpress\/wp-content\/uploads\/2025\/03\/Logo_Schlosser_2021.jpg 1654w\" sizes=\"auto, (max-width: 1024px) 100vw, 1024px\" \/><\/figure>\r\n<\/div>\r\n<\/div>\r\n\r\n\r\n\r\n<div class=\"wp-block-columns is-layout-flex wp-container-core-columns-is-layout-28f84493 wp-block-columns-is-layout-flex\">\r\n<div class=\"wp-block-column is-layout-flow wp-block-column-is-layout-flow\" style=\"flex-basis: 100%;\">\r\n<div class=\"wp-block-columns is-layout-flex wp-container-core-columns-is-layout-28f84493 wp-block-columns-is-layout-flex\">\r\n<div class=\"wp-block-column is-layout-flow wp-block-column-is-layout-flow\" style=\"flex-basis: 50%;\"><\/div>\r\n\r\n\r\n\r\n<div class=\"wp-block-column is-layout-flow wp-block-column-is-layout-flow\" style=\"flex-basis: 50%;\"><\/div>\r\n<\/div>\r\n<\/div>\r\n<\/div>\r\n\r\n\r\n\r\n<div class=\"wp-block-columns is-layout-flex wp-container-core-columns-is-layout-28f84493 wp-block-columns-is-layout-flex\">\r\n<div class=\"wp-block-column is-layout-flow wp-block-column-is-layout-flow\">\r\n<figure class=\"wp-block-image size-large\"><img loading=\"lazy\" decoding=\"async\" width=\"1024\" height=\"493\" src=\"https:\/\/www.sc-neustadt.de\/wordpress\/wp-content\/uploads\/2025\/03\/Wieland-Schultz-SiKoTec-Logo-1024x493.jpg\" alt=\"\" class=\"wp-image-76\" srcset=\"https:\/\/www.sc-neustadt.de\/wordpress\/wp-content\/uploads\/2025\/03\/Wieland-Schultz-SiKoTec-Logo-1024x493.jpg 1024w, https:\/\/www.sc-neustadt.de\/wordpress\/wp-content\/uploads\/2025\/03\/Wieland-Schultz-SiKoTec-Logo-300x144.jpg 300w, https:\/\/www.sc-neustadt.de\/wordpress\/wp-content\/uploads\/2025\/03\/Wieland-Schultz-SiKoTec-Logo-768x370.jpg 768w, https:\/\/www.sc-neustadt.de\/wordpress\/wp-content\/uploads\/2025\/03\/Wieland-Schultz-SiKoTec-Logo-1536x739.jpg 1536w, https:\/\/www.sc-neustadt.de\/wordpress\/wp-content\/uploads\/2025\/03\/Wieland-Schultz-SiKoTec-Logo-2048x985.jpg 2048w\" sizes=\"auto, (max-width: 1024px) 100vw, 1024px\" \/><\/figure>\r\n<\/div>\r\n\r\n\r\n\r\n<div class=\"wp-block-column is-layout-flow wp-block-column-is-layout-flow\">\r\n<figure class=\"wp-block-image size-large\"><img loading=\"lazy\" decoding=\"async\" width=\"1024\" height=\"218\" src=\"https:\/\/www.sc-neustadt.de\/wordpress\/wp-content\/uploads\/2025\/03\/logo-grau2-1024x218.jpg\" alt=\"\" class=\"wp-image-75\" srcset=\"https:\/\/www.sc-neustadt.de\/wordpress\/wp-content\/uploads\/2025\/03\/logo-grau2-1024x218.jpg 1024w, https:\/\/www.sc-neustadt.de\/wordpress\/wp-content\/uploads\/2025\/03\/logo-grau2-300x64.jpg 300w, https:\/\/www.sc-neustadt.de\/wordpress\/wp-content\/uploads\/2025\/03\/logo-grau2-768x164.jpg 768w, https:\/\/www.sc-neustadt.de\/wordpress\/wp-content\/uploads\/2025\/03\/logo-grau2-1536x327.jpg 1536w, https:\/\/www.sc-neustadt.de\/wordpress\/wp-content\/uploads\/2025\/03\/logo-grau2.jpg 2042w\" sizes=\"auto, (max-width: 1024px) 100vw, 1024px\" \/><\/figure>\r\n<\/div>\r\n\r\n\r\n\r\n<div class=\"wp-block-column is-layout-flow wp-block-column-is-layout-flow\">\r\n<figure class=\"wp-block-image size-full\"><img loading=\"lazy\" decoding=\"async\" width=\"213\" height=\"80\" src=\"https:\/\/www.sc-neustadt.de\/wordpress\/wp-content\/uploads\/2025\/04\/hummel-maikammer-pjyvyo0bi1wnqebx4kxj8jnmka3xgozh7k1z0lbqio.png\" alt=\"\" class=\"wp-image-83\" \/><\/figure>\r\n<\/div>\r\n<\/div>\r\n\r\n\r\n\r\n<div class=\"wp-block-columns is-layout-flex wp-container-core-columns-is-layout-28f84493 wp-block-columns-is-layout-flex\">\r\n<div class=\"wp-block-column is-layout-flow wp-block-column-is-layout-flow\">\r\n<figure class=\"wp-block-image size-full\"><img loading=\"lazy\" decoding=\"async\" width=\"241\" height=\"80\" src=\"https:\/\/www.sc-neustadt.de\/wordpress\/wp-content\/uploads\/2025\/04\/stadionbad-pjyvyo0bi1wnqebx4kxj8jnmka3xgozh7k1z0lbqio.png\" alt=\"\" class=\"wp-image-84\" \/><\/figure>\r\n<\/div>\r\n<\/div>\r\n\r\n\r\n\r\n<p>&nbsp;<\/p>\r\n<!-- \/wp:paragraph --><!-- wp:post-content --><!-- wp:paragraph {\"fontFamily\":\"system-serif\"} -->\r\n<p class=\"has-system-serif-font-family\">Herzlichen Dank an unsere Sponsoren!<\/p>\r\n<!-- \/wp:paragraph-->\r\n\r\n<!-- wp:paragraph {\"fontFamily\":\"system-serif\"} -->\r\n<p class=\"has-system-serif-font-family\">Wie jeder Verein sind wir auf Spenden und Sponsorengelder angewiesen, um die Kosten die durch die Club-Aktivit\u00e4ten entstehen zu decken. Nur der Hilfe und Unterst\u00fctzung Vieler ist es zu verdanken, dass wir die Club-Aktivit\u00e4ten in diesem Umfang durchf\u00fchren k\u00f6nnen. Bei folgenden Sponsoren bedanken wir uns recht herzlich f\u00fcr die Unterst\u00fctzung und empfehlen unseren Fans und Mitgliedern, Ihren Bedarf bevorzugt dort zu decken.<\/p>\r\n<p class=\"has-system-serif-font-family\">Gemeinsame Sponsoren des SCN und F\u00f6rderverein Wasserball.<\/p>\r\n<p><img loading=\"lazy\" decoding=\"async\" src=\"https:\/\/www.sc-neustadt.de\/wordpress\/wp-content\/uploads\/2026\/01\/Sponsoren-Lotto-300x109.jpg\" alt=\"\" width=\"300\" height=\"109\" class=\"alignnone wp-image-1017 size-medium\" srcset=\"https:\/\/www.sc-neustadt.de\/wordpress\/wp-content\/uploads\/2026\/01\/Sponsoren-Lotto-300x109.jpg 300w, https:\/\/www.sc-neustadt.de\/wordpress\/wp-content\/uploads\/2026\/01\/Sponsoren-Lotto.jpg 442w\" sizes=\"auto, (max-width: 300px) 100vw, 300px\" \/><\/p>\r\n<!-- \/wp:paragraph -->\r\n\r\n<!-- wp:paragraph --><!-- \/wp:paragraph -->\r\n\r\n<!-- wp:columns -->\r\n<div class=\"wp-block-columns\"><!-- wp:column -->\r\n<div class=\"wp-block-column\"><!-- wp:image {\"id\":80,\"sizeSlug\":\"large\",\"linkDestination\":\"none\"} -->\r\n<figure class=\"wp-block-image size-large\"><img loading=\"lazy\" decoding=\"async\" width=\"1024\" height=\"605\" src=\"https:\/\/www.sc-neustadt.de\/wordpress\/wp-content\/uploads\/2025\/03\/Logo_Gerlinger1-1-1024x605.jpg\" alt=\"\" class=\"wp-image-80\" srcset=\"https:\/\/www.sc-neustadt.de\/wordpress\/wp-content\/uploads\/2025\/03\/Logo_Gerlinger1-1-1024x605.jpg 1024w, https:\/\/www.sc-neustadt.de\/wordpress\/wp-content\/uploads\/2025\/03\/Logo_Gerlinger1-1-300x177.jpg 300w, https:\/\/www.sc-neustadt.de\/wordpress\/wp-content\/uploads\/2025\/03\/Logo_Gerlinger1-1-768x454.jpg 768w, https:\/\/www.sc-neustadt.de\/wordpress\/wp-content\/uploads\/2025\/03\/Logo_Gerlinger1-1.jpg 1300w\" sizes=\"auto, (max-width: 1024px) 100vw, 1024px\" \/><\/figure>\r\n<!-- \/wp:image --><\/div>\r\n<!-- \/wp:column -->\r\n\r\n<!-- wp:column -->\r\n<div class=\"wp-block-column\"><!-- wp:image {\"id\":78,\"sizeSlug\":\"large\",\"linkDestination\":\"none\"} -->\r\n<figure class=\"wp-block-image size-large\"><img loading=\"lazy\" decoding=\"async\" width=\"1024\" height=\"390\" src=\"https:\/\/www.sc-neustadt.de\/wordpress\/wp-content\/uploads\/2025\/03\/YG_Logo_2020-1024x390.jpeg\" alt=\"\" class=\"wp-image-78\" srcset=\"https:\/\/www.sc-neustadt.de\/wordpress\/wp-content\/uploads\/2025\/03\/YG_Logo_2020-1024x390.jpeg 1024w, https:\/\/www.sc-neustadt.de\/wordpress\/wp-content\/uploads\/2025\/03\/YG_Logo_2020-300x114.jpeg 300w, https:\/\/www.sc-neustadt.de\/wordpress\/wp-content\/uploads\/2025\/03\/YG_Logo_2020-768x292.jpeg 768w, https:\/\/www.sc-neustadt.de\/wordpress\/wp-content\/uploads\/2025\/03\/YG_Logo_2020-1536x584.jpeg 1536w, https:\/\/www.sc-neustadt.de\/wordpress\/wp-content\/uploads\/2025\/03\/YG_Logo_2020.jpeg 1669w\" sizes=\"auto, (max-width: 1024px) 100vw, 1024px\" \/><\/figure>\r\n<!-- \/wp:image --><\/div>\r\n<!-- \/wp:column -->\r\n\r\n<!-- wp:column -->\r\n<div class=\"wp-block-column\"><!-- wp:image {\"id\":77,\"sizeSlug\":\"large\",\"linkDestination\":\"none\"} -->\r\n<figure class=\"wp-block-image size-large\"><img loading=\"lazy\" decoding=\"async\" width=\"1024\" height=\"366\" src=\"https:\/\/www.sc-neustadt.de\/wordpress\/wp-content\/uploads\/2025\/03\/Logo_Schlosser_2021-1024x366.jpg\" alt=\"\" class=\"wp-image-77\" srcset=\"https:\/\/www.sc-neustadt.de\/wordpress\/wp-content\/uploads\/2025\/03\/Logo_Schlosser_2021-1024x366.jpg 1024w, https:\/\/www.sc-neustadt.de\/wordpress\/wp-content\/uploads\/2025\/03\/Logo_Schlosser_2021-300x107.jpg 300w, https:\/\/www.sc-neustadt.de\/wordpress\/wp-content\/uploads\/2025\/03\/Logo_Schlosser_2021-768x274.jpg 768w, https:\/\/www.sc-neustadt.de\/wordpress\/wp-content\/uploads\/2025\/03\/Logo_Schlosser_2021-1536x549.jpg 1536w, https:\/\/www.sc-neustadt.de\/wordpress\/wp-content\/uploads\/2025\/03\/Logo_Schlosser_2021.jpg 1654w\" sizes=\"auto, (max-width: 1024px) 100vw, 1024px\" \/><\/figure>\r\n<!-- \/wp:image --><\/div>\r\n<!-- \/wp:column --><\/div>\r\n<!-- \/wp:columns -->\r\n\r\n<!-- wp:columns -->\r\n<div class=\"wp-block-columns\"><!-- wp:column {\"width\":\"100%\"} -->\r\n<div class=\"wp-block-column\" style=\"flex-basis: 100%;\"><!-- wp:columns -->\r\n<div class=\"wp-block-columns\"><!-- wp:column {\"width\":\"50%\"} -->\r\n<div class=\"wp-block-column\" style=\"flex-basis: 50%;\"><\/div>\r\n<!-- \/wp:column -->\r\n\r\n<!-- wp:column {\"width\":\"50%\"} -->\r\n<div class=\"wp-block-column\" style=\"flex-basis: 50%;\"><\/div>\r\n<!-- \/wp:column --><\/div>\r\n<!-- \/wp:columns --><\/div>\r\n<!-- \/wp:column --><\/div>\r\n<!-- \/wp:columns -->\r\n\r\n<!-- wp:columns -->\r\n<div class=\"wp-block-columns\"><!-- wp:column -->\r\n<div class=\"wp-block-column\"><!-- wp:image {\"id\":76,\"sizeSlug\":\"large\",\"linkDestination\":\"none\"} -->\r\n<figure class=\"wp-block-image size-large\"><img loading=\"lazy\" decoding=\"async\" width=\"1024\" height=\"493\" src=\"https:\/\/www.sc-neustadt.de\/wordpress\/wp-content\/uploads\/2025\/03\/Wieland-Schultz-SiKoTec-Logo-1024x493.jpg\" alt=\"\" class=\"wp-image-76\" srcset=\"https:\/\/www.sc-neustadt.de\/wordpress\/wp-content\/uploads\/2025\/03\/Wieland-Schultz-SiKoTec-Logo-1024x493.jpg 1024w, https:\/\/www.sc-neustadt.de\/wordpress\/wp-content\/uploads\/2025\/03\/Wieland-Schultz-SiKoTec-Logo-300x144.jpg 300w, https:\/\/www.sc-neustadt.de\/wordpress\/wp-content\/uploads\/2025\/03\/Wieland-Schultz-SiKoTec-Logo-768x370.jpg 768w, https:\/\/www.sc-neustadt.de\/wordpress\/wp-content\/uploads\/2025\/03\/Wieland-Schultz-SiKoTec-Logo-1536x739.jpg 1536w, https:\/\/www.sc-neustadt.de\/wordpress\/wp-content\/uploads\/2025\/03\/Wieland-Schultz-SiKoTec-Logo-2048x985.jpg 2048w\" sizes=\"auto, (max-width: 1024px) 100vw, 1024px\" \/><\/figure>\r\n<!-- \/wp:image --><\/div>\r\n<!-- \/wp:column -->\r\n\r\n<!-- wp:column -->\r\n<div class=\"wp-block-column\"><!-- wp:image {\"id\":75,\"sizeSlug\":\"large\",\"linkDestination\":\"none\"} -->\r\n<figure class=\"wp-block-image size-large\"><img loading=\"lazy\" decoding=\"async\" width=\"1024\" height=\"218\" src=\"https:\/\/www.sc-neustadt.de\/wordpress\/wp-content\/uploads\/2025\/03\/logo-grau2-1024x218.jpg\" alt=\"\" class=\"wp-image-75\" srcset=\"https:\/\/www.sc-neustadt.de\/wordpress\/wp-content\/uploads\/2025\/03\/logo-grau2-1024x218.jpg 1024w, https:\/\/www.sc-neustadt.de\/wordpress\/wp-content\/uploads\/2025\/03\/logo-grau2-300x64.jpg 300w, https:\/\/www.sc-neustadt.de\/wordpress\/wp-content\/uploads\/2025\/03\/logo-grau2-768x164.jpg 768w, https:\/\/www.sc-neustadt.de\/wordpress\/wp-content\/uploads\/2025\/03\/logo-grau2-1536x327.jpg 1536w, https:\/\/www.sc-neustadt.de\/wordpress\/wp-content\/uploads\/2025\/03\/logo-grau2.jpg 2042w\" sizes=\"auto, (max-width: 1024px) 100vw, 1024px\" \/><\/figure>\r\n<!-- \/wp:image --><\/div>\r\n<!-- \/wp:column -->\r\n\r\n<!-- wp:column -->\r\n<div class=\"wp-block-column\"><!-- wp:image {\"id\":83,\"sizeSlug\":\"full\",\"linkDestination\":\"none\"} -->\r\n<figure class=\"wp-block-image size-full\"><img loading=\"lazy\" decoding=\"async\" width=\"213\" height=\"80\" src=\"https:\/\/www.sc-neustadt.de\/wordpress\/wp-content\/uploads\/2025\/04\/hummel-maikammer-pjyvyo0bi1wnqebx4kxj8jnmka3xgozh7k1z0lbqio.png\" alt=\"\" class=\"wp-image-83\" \/><\/figure>\r\n<!-- \/wp:image --><\/div>\r\n<!-- \/wp:column --><\/div>\r\n<!-- \/wp:columns -->\r\n\r\n<!-- wp:columns -->\r\n<div class=\"wp-block-columns\"><!-- wp:column -->\r\n<div class=\"wp-block-column\"><!-- wp:image {\"id\":84,\"sizeSlug\":\"full\",\"linkDestination\":\"none\"} -->\r\n<figure class=\"wp-block-image size-full\"><img loading=\"lazy\" decoding=\"async\" width=\"241\" height=\"80\" src=\"https:\/\/www.sc-neustadt.de\/wordpress\/wp-content\/uploads\/2025\/04\/stadionbad-pjyvyo0bi1wnqebx4kxj8jnmka3xgozh7k1z0lbqio.png\" alt=\"\" class=\"wp-image-84\" \/><\/figure>\r\n<\/div>\r\n<!-- \/wp:column --><\/div>\r\n<!-- \/wp:columns -->\r\n\r\n<!-- wp:paragraph -->\r\n<p>&nbsp;<\/p>\r\n<!-- \/wp:paragraph --><!-- \/wp:post-content -->","protected":false},"excerpt":{"rendered":"<p>&nbsp;<\/p>\n","protected":false},"author":2,"featured_media":0,"parent":16,"menu_order":7,"comment_status":"closed","ping_status":"closed","template":"","meta":{"_themeisle_gutenberg_block_has_review":false,"footnotes":""},"class_list":["post-32","page","type-page","status-publish","hentry"],"_links":{"self":[{"href":"https:\/\/www.sc-neustadt.de\/wordpress\/wp-json\/wp\/v2\/pages\/32","targetHints":{"allow":["GET"]}}],"collection":[{"href":"https:\/\/www.sc-neustadt.de\/wordpress\/wp-json\/wp\/v2\/pages"}],"about":[{"href":"https:\/\/www.sc-neustadt.de\/wordpress\/wp-json\/wp\/v2\/types\/page"}],"author":[{"embeddable":true,"href":"https:\/\/www.sc-neustadt.de\/wordpress\/wp-json\/wp\/v2\/users\/2"}],"replies":[{"embeddable":true,"href":"https:\/\/www.sc-neustadt.de\/wordpress\/wp-json\/wp\/v2\/comments?post=32"}],"version-history":[{"count":15,"href":"https:\/\/www.sc-neustadt.de\/wordpress\/wp-json\/wp\/v2\/pages\/32\/revisions"}],"predecessor-version":[{"id":1048,"href":"https:\/\/www.sc-neustadt.de\/wordpress\/wp-json\/wp\/v2\/pages\/32\/revisions\/1048"}],"up":[{"embeddable":true,"href":"https:\/\/www.sc-neustadt.de\/wordpress\/wp-json\/wp\/v2\/pages\/16"}],"wp:attachment":[{"href":"https:\/\/www.sc-neustadt.de\/wordpress\/wp-json\/wp\/v2\/media?parent=32"}],"curies":[{"name":"wp","href":"https:\/\/api.w.org\/{rel}","templated":true}]}}