{"id":308,"date":"2025-04-03T19:35:42","date_gmt":"2025-04-03T17:35:42","guid":{"rendered":"https:\/\/www.sc-neustadt.de\/wordpress\/?page_id=308"},"modified":"2025-04-23T08:33:04","modified_gmt":"2025-04-23T06:33:04","slug":"u-12","status":"publish","type":"page","link":"https:\/\/www.sc-neustadt.de\/wordpress\/wasserball\/unsere-mannschaften\/u-12\/","title":{"rendered":"U 12"},"content":{"rendered":"\r\n<p class=\"has-system-serif-font-family\">In der U 12-Mannschaft sind <strong>8-12-j\u00e4hrige<\/strong> M\u00e4dchen und Jungen, die schon gut schwimmen k\u00f6nnen und Spa\u00df am Ballsport haben. Bei der U12 wird die Einf\u00fchrung in das Wasserballspiel mit ersten festen Regeln und Spieltaktik gelehrt. Es wird in tiefem Wasser gespielt.<\/p>\r\n\r\n\r\n\r\n<p class=\"has-system-serif-font-family\">Das Training umfasst 3-4 Einheiten in der Woche.<\/p>\r\n\r\n\r\n\r\n<p class=\"has-system-serif-font-family\"><strong>Trainer:<\/strong> Daniel Kluck<\/p>\r\n\r\n\r\n\r\n<p class=\"has-system-serif-font-family\"><\/p>\r\n\r\n\r\n\r\n<p>&nbsp;<\/p>\r\n\r\n\r\n\r\n<figure class=\"wp-block-image size-large\"><img loading=\"lazy\" decoding=\"async\" src=\"https:\/\/www.sc-neustadt.de\/wordpress\/wp-content\/uploads\/2025\/04\/Daniel-Kopie-2-1-1024x753.jpg\" alt=\"\" class=\"alignnone wp-image-431\" width=\"400\" height=\"294\" srcset=\"https:\/\/www.sc-neustadt.de\/wordpress\/wp-content\/uploads\/2025\/04\/Daniel-Kopie-2-1-1024x753.jpg 1024w, https:\/\/www.sc-neustadt.de\/wordpress\/wp-content\/uploads\/2025\/04\/Daniel-Kopie-2-1-300x221.jpg 300w, https:\/\/www.sc-neustadt.de\/wordpress\/wp-content\/uploads\/2025\/04\/Daniel-Kopie-2-1-768x565.jpg 768w, https:\/\/www.sc-neustadt.de\/wordpress\/wp-content\/uploads\/2025\/04\/Daniel-Kopie-2-1-1536x1130.jpg 1536w, https:\/\/www.sc-neustadt.de\/wordpress\/wp-content\/uploads\/2025\/04\/Daniel-Kopie-2-1-2048x1507.jpg 2048w\" sizes=\"auto, (max-width: 400px) 100vw, 400px\" \/> <img loading=\"lazy\" decoding=\"async\" src=\"https:\/\/www.sc-neustadt.de\/wordpress\/wp-content\/uploads\/2025\/04\/U12klein-1024x683.jpeg\" alt=\"\" width=\"750\" height=\"500\" class=\"alignnone wp-image-561 size-large\" srcset=\"https:\/\/www.sc-neustadt.de\/wordpress\/wp-content\/uploads\/2025\/04\/U12klein-1024x683.jpeg 1024w, https:\/\/www.sc-neustadt.de\/wordpress\/wp-content\/uploads\/2025\/04\/U12klein-300x200.jpeg 300w, https:\/\/www.sc-neustadt.de\/wordpress\/wp-content\/uploads\/2025\/04\/U12klein-768x512.jpeg 768w, https:\/\/www.sc-neustadt.de\/wordpress\/wp-content\/uploads\/2025\/04\/U12klein-1536x1024.jpeg 1536w, https:\/\/www.sc-neustadt.de\/wordpress\/wp-content\/uploads\/2025\/04\/U12klein-2048x1365.jpeg 2048w, https:\/\/www.sc-neustadt.de\/wordpress\/wp-content\/uploads\/2025\/04\/U12klein-360x240.jpeg 360w\" sizes=\"auto, (max-width: 750px) 100vw, 750px\" \/><\/figure>\r\n","protected":false},"excerpt":{"rendered":"<p>In der U 12-Mannschaft sind 8-12-j\u00e4hrige M\u00e4dchen und Jungen, die schon gut schwimmen k\u00f6nnen und Spa\u00df am Ballsport haben. Bei der U12 wird die Einf\u00fchrung in das Wasserballspiel mit ersten festen Regeln und Spieltaktik gelehrt. Es wird in tiefem Wasser gespielt. Das Training umfasst 3-4 Einheiten in der Woche. Trainer: [&hellip;]<\/p>\n","protected":false},"author":2,"featured_media":426,"parent":300,"menu_order":2,"comment_status":"closed","ping_status":"closed","template":"","meta":{"_themeisle_gutenberg_block_has_review":false,"footnotes":""},"class_list":["post-308","page","type-page","status-publish","has-post-thumbnail","hentry"],"_links":{"self":[{"href":"https:\/\/www.sc-neustadt.de\/wordpress\/wp-json\/wp\/v2\/pages\/308","targetHints":{"allow":["GET"]}}],"collection":[{"href":"https:\/\/www.sc-neustadt.de\/wordpress\/wp-json\/wp\/v2\/pages"}],"about":[{"href":"https:\/\/www.sc-neustadt.de\/wordpress\/wp-json\/wp\/v2\/types\/page"}],"author":[{"embeddable":true,"href":"https:\/\/www.sc-neustadt.de\/wordpress\/wp-json\/wp\/v2\/users\/2"}],"replies":[{"embeddable":true,"href":"https:\/\/www.sc-neustadt.de\/wordpress\/wp-json\/wp\/v2\/comments?post=308"}],"version-history":[{"count":6,"href":"https:\/\/www.sc-neustadt.de\/wordpress\/wp-json\/wp\/v2\/pages\/308\/revisions"}],"predecessor-version":[{"id":700,"href":"https:\/\/www.sc-neustadt.de\/wordpress\/wp-json\/wp\/v2\/pages\/308\/revisions\/700"}],"up":[{"embeddable":true,"href":"https:\/\/www.sc-neustadt.de\/wordpress\/wp-json\/wp\/v2\/pages\/300"}],"wp:featuredmedia":[{"embeddable":true,"href":"https:\/\/www.sc-neustadt.de\/wordpress\/wp-json\/wp\/v2\/media\/426"}],"wp:attachment":[{"href":"https:\/\/www.sc-neustadt.de\/wordpress\/wp-json\/wp\/v2\/media?parent=308"}],"curies":[{"name":"wp","href":"https:\/\/api.w.org\/{rel}","templated":true}]}}