{"id":273,"date":"2025-04-03T10:29:40","date_gmt":"2025-04-03T08:29:40","guid":{"rendered":"https:\/\/www.sc-neustadt.de\/wordpress\/?page_id=273"},"modified":"2025-09-17T18:26:45","modified_gmt":"2025-09-17T16:26:45","slug":"schwimmschule","status":"publish","type":"page","link":"https:\/\/www.sc-neustadt.de\/wordpress\/schwimmschule\/","title":{"rendered":"Schwimmschule"},"content":{"rendered":"\r\n\r\n\r\n<p><strong>\r\n\r\n<\/strong><\/p>\r\n<p>Der SCN bietet verschiedene Schwimmkurse au\u00dferhalb des regul\u00e4ren Breiten- und Leistungssport an.<\/p>\r\n<p><a href=\"https:\/\/www.sc-neustadt.de\/wordpress\/schwimmschule\/schwimmschule-fuer-kinder\/\">Schwimmenlernen f\u00fcr Kinder<\/a><\/p>\r\n<p><a href=\"https:\/\/www.sc-neustadt.de\/wordpress\/schwimmschule\/schwimmen-lernen-fuer-erwachsene\/\">Schwimmenlernen f\u00fcr Erwachsene<\/a><\/p>\r\n<p><a href=\"https:\/\/www.sc-neustadt.de\/wordpress\/schwimmschule\/kraulkurs-fuer-erwachsene\/\">Kraulkurs f\u00fcr Erwachsen<\/a><\/p>\r\n\r\n\r\n\r\n<figure class=\"wp-block-image size-full is-resized\"><img loading=\"lazy\" decoding=\"async\" width=\"502\" height=\"500\" src=\"https:\/\/www.sc-neustadt.de\/wordpress\/wp-content\/uploads\/2025\/04\/Teilen.png\" alt=\"\" class=\"wp-image-206 alignleft\" style=\"aspect-ratio: 1; object-fit: cover; width: 150px;\" srcset=\"https:\/\/www.sc-neustadt.de\/wordpress\/wp-content\/uploads\/2025\/04\/Teilen.png 502w, https:\/\/www.sc-neustadt.de\/wordpress\/wp-content\/uploads\/2025\/04\/Teilen-300x300.png 300w, https:\/\/www.sc-neustadt.de\/wordpress\/wp-content\/uploads\/2025\/04\/Teilen-150x150.png 150w\" sizes=\"auto, (max-width: 502px) 100vw, 502px\" \/>\r\n<figcaption class=\"wp-element-caption\">Hier geht es zu unsere SCN-App<\/figcaption>\r\n<\/figure>\r\n\r\n\r\n\r\n<p><a href=\"https:\/\/apps.apple.com\/app\/sc-neustadt-1900\/id6532616722\">App-Store<\/a><\/p>\r\n\r\n\r\n\r\n<p><a href=\"https:\/\/play.google.com\/store\/apps\/details?id=de.appack.project.sc_neustadt\">Play-Store<\/a><\/p>\r\n","protected":false},"excerpt":{"rendered":"<p>Der SCN bietet verschiedene Schwimmkurse au\u00dferhalb des regul\u00e4ren Breiten- und Leistungssport an. Schwimmenlernen f\u00fcr Kinder Schwimmenlernen f\u00fcr Erwachsene Kraulkurs f\u00fcr Erwachsen App-Store Play-Store<\/p>\n","protected":false},"author":2,"featured_media":380,"parent":0,"menu_order":4,"comment_status":"closed","ping_status":"closed","template":"","meta":{"_themeisle_gutenberg_block_has_review":false,"footnotes":""},"class_list":["post-273","page","type-page","status-publish","has-post-thumbnail","hentry"],"_links":{"self":[{"href":"https:\/\/www.sc-neustadt.de\/wordpress\/wp-json\/wp\/v2\/pages\/273","targetHints":{"allow":["GET"]}}],"collection":[{"href":"https:\/\/www.sc-neustadt.de\/wordpress\/wp-json\/wp\/v2\/pages"}],"about":[{"href":"https:\/\/www.sc-neustadt.de\/wordpress\/wp-json\/wp\/v2\/types\/page"}],"author":[{"embeddable":true,"href":"https:\/\/www.sc-neustadt.de\/wordpress\/wp-json\/wp\/v2\/users\/2"}],"replies":[{"embeddable":true,"href":"https:\/\/www.sc-neustadt.de\/wordpress\/wp-json\/wp\/v2\/comments?post=273"}],"version-history":[{"count":13,"href":"https:\/\/www.sc-neustadt.de\/wordpress\/wp-json\/wp\/v2\/pages\/273\/revisions"}],"predecessor-version":[{"id":875,"href":"https:\/\/www.sc-neustadt.de\/wordpress\/wp-json\/wp\/v2\/pages\/273\/revisions\/875"}],"wp:featuredmedia":[{"embeddable":true,"href":"https:\/\/www.sc-neustadt.de\/wordpress\/wp-json\/wp\/v2\/media\/380"}],"wp:attachment":[{"href":"https:\/\/www.sc-neustadt.de\/wordpress\/wp-json\/wp\/v2\/media?parent=273"}],"curies":[{"name":"wp","href":"https:\/\/api.w.org\/{rel}","templated":true}]}}