{"id":263,"date":"2025-04-03T10:25:55","date_gmt":"2025-04-03T08:25:55","guid":{"rendered":"https:\/\/www.sc-neustadt.de\/wordpress\/?page_id=263"},"modified":"2025-04-08T08:19:25","modified_gmt":"2025-04-08T06:19:25","slug":"anschlusstraining","status":"publish","type":"page","link":"https:\/\/www.sc-neustadt.de\/wordpress\/der-scn\/schwimmen\/anschlusstraining\/","title":{"rendered":"Anschlusstraining"},"content":{"rendered":"\r\n<p class=\"has-system-serif-font-family\">Auch \u00fcber das Jugendalter hinaus bietet der SCN ein regelm\u00e4\u00dfiges Trainingsprogramm an.<\/p>\r\n\r\n\r\n\r\n<p class=\"has-system-serif-font-family\"><strong><a href=\"https:\/\/www.sc-neustadt.de\/wordpress\/masters-technik\/\" data-type=\"page\" data-id=\"268\">Masters- Technik<\/a><\/strong><\/p>\r\n\r\n\r\n\r\n<p class=\"has-system-serif-font-family\"><\/p>\r\n\r\n\r\n\r\n<p>&nbsp;<\/p>\r\n","protected":false},"excerpt":{"rendered":"<p>Auch \u00fcber das Jugendalter hinaus bietet der SCN ein regelm\u00e4\u00dfiges Trainingsprogramm an. Masters- Technik &nbsp;<\/p>\n","protected":false},"author":2,"featured_media":421,"parent":35,"menu_order":3,"comment_status":"closed","ping_status":"closed","template":"","meta":{"_themeisle_gutenberg_block_has_review":false,"footnotes":""},"class_list":["post-263","page","type-page","status-publish","has-post-thumbnail","hentry"],"_links":{"self":[{"href":"https:\/\/www.sc-neustadt.de\/wordpress\/wp-json\/wp\/v2\/pages\/263","targetHints":{"allow":["GET"]}}],"collection":[{"href":"https:\/\/www.sc-neustadt.de\/wordpress\/wp-json\/wp\/v2\/pages"}],"about":[{"href":"https:\/\/www.sc-neustadt.de\/wordpress\/wp-json\/wp\/v2\/types\/page"}],"author":[{"embeddable":true,"href":"https:\/\/www.sc-neustadt.de\/wordpress\/wp-json\/wp\/v2\/users\/2"}],"replies":[{"embeddable":true,"href":"https:\/\/www.sc-neustadt.de\/wordpress\/wp-json\/wp\/v2\/comments?post=263"}],"version-history":[{"count":6,"href":"https:\/\/www.sc-neustadt.de\/wordpress\/wp-json\/wp\/v2\/pages\/263\/revisions"}],"predecessor-version":[{"id":582,"href":"https:\/\/www.sc-neustadt.de\/wordpress\/wp-json\/wp\/v2\/pages\/263\/revisions\/582"}],"up":[{"embeddable":true,"href":"https:\/\/www.sc-neustadt.de\/wordpress\/wp-json\/wp\/v2\/pages\/35"}],"wp:featuredmedia":[{"embeddable":true,"href":"https:\/\/www.sc-neustadt.de\/wordpress\/wp-json\/wp\/v2\/media\/421"}],"wp:attachment":[{"href":"https:\/\/www.sc-neustadt.de\/wordpress\/wp-json\/wp\/v2\/media?parent=263"}],"curies":[{"name":"wp","href":"https:\/\/api.w.org\/{rel}","templated":true}]}}