{"id":26,"date":"2025-03-20T22:00:47","date_gmt":"2025-03-20T21:00:47","guid":{"rendered":"https:\/\/www.sc-neustadt.de\/wordpress\/?page_id=26"},"modified":"2025-10-10T11:45:59","modified_gmt":"2025-10-10T09:45:59","slug":"bahnbelegung","status":"publish","type":"page","link":"https:\/\/www.sc-neustadt.de\/wordpress\/bahnbelegung\/","title":{"rendered":"Bahnbelegung"},"content":{"rendered":"<div class=\"wp-block-columns\">\n<div class=\"wp-block-column\">\n<div class=\"r34ics-ajax-container loading\" id=\"r69f4359d27a3ee5\" data-view=\"week\" data-view-is-list-style=\"0\" data-view-is-list-long=\"0\" data-args=\"f2c3b06d0d9dc46301da36d36b6903cb078e2e1e\" data-js-args=\"{&quot;debug&quot;:null}\">&nbsp;<\/div><\/p>\n<figure class=\"wp-block-image size-large\"><img loading=\"lazy\" decoding=\"async\" src=\"https:\/\/www.sc-neustadt.de\/wordpress\/wp-content\/uploads\/2025\/04\/MobyDick-1024x505.jpg\" alt=\"\" class=\"alignnone wp-image-211\" width=\"300\" height=\"148\" srcset=\"https:\/\/www.sc-neustadt.de\/wordpress\/wp-content\/uploads\/2025\/04\/MobyDick-1024x505.jpg 1024w, https:\/\/www.sc-neustadt.de\/wordpress\/wp-content\/uploads\/2025\/04\/MobyDick-300x148.jpg 300w, https:\/\/www.sc-neustadt.de\/wordpress\/wp-content\/uploads\/2025\/04\/MobyDick-768x379.jpg 768w, https:\/\/www.sc-neustadt.de\/wordpress\/wp-content\/uploads\/2025\/04\/MobyDick-1536x757.jpg 1536w, https:\/\/www.sc-neustadt.de\/wordpress\/wp-content\/uploads\/2025\/04\/MobyDick.jpg 1970w\" sizes=\"auto, (max-width: 300px) 100vw, 300px\" \/><\/figure>\n<figure class=\"wp-block-image size-large\"><a href=\"https:\/\/shorturl.appack.de\/lJ6pz\">Bahnbelegung (iCal-Feed)<\/a><\/figure>\n<p>Oder direkt in unserer App:<\/p>\n<figure class=\"wp-block-image size-full is-resized\"><img loading=\"lazy\" decoding=\"async\" width=\"502\" height=\"500\" src=\"https:\/\/www.sc-neustadt.de\/wordpress\/wp-content\/uploads\/2025\/04\/Teilen.png\" alt=\"\" class=\"wp-image-206 alignleft\" style=\"aspect-ratio: 1; object-fit: cover; width: 150px;\" srcset=\"https:\/\/www.sc-neustadt.de\/wordpress\/wp-content\/uploads\/2025\/04\/Teilen.png 502w, https:\/\/www.sc-neustadt.de\/wordpress\/wp-content\/uploads\/2025\/04\/Teilen-300x300.png 300w, https:\/\/www.sc-neustadt.de\/wordpress\/wp-content\/uploads\/2025\/04\/Teilen-150x150.png 150w\" sizes=\"auto, (max-width: 502px) 100vw, 502px\" \/><a href=\"https:\/\/apps.apple.com\/app\/sc-neustadt-1900\/id6532616722\">App-Store<\/a><\/figure>\n<p><a href=\"https:\/\/play.google.com\/store\/apps\/details?id=de.appack.project.sc_neustadt\">Play-Store<\/a><\/p>\n<\/div>\n<\/div>\n<p>&nbsp;<\/p>\n<p>Eintrittsregelung: Jede (r) muss eine Dauerkarte bzw. g\u00fcltige Eintrittskarte haben! Auch nach Beendigung der \u00f6ffentlichen Badezeit!<\/p>\n<p>Die Winter-Saison im Stadionbad beginnt am 1. Oktober 2025. Der erste Trainingstag f\u00fcr den Breitensport nach dem Umbau ist der 7. bzw 10. Oktober 2025.<\/p>\n","protected":false},"excerpt":{"rendered":"<p>Bahnbelegung (iCal-Feed) Oder direkt in unserer App: App-Store Play-Store &nbsp; Eintrittsregelung: Jede (r) muss eine Dauerkarte bzw. g\u00fcltige Eintrittskarte haben! Auch nach Beendigung der \u00f6ffentlichen Badezeit! Die Winter-Saison im Stadionbad beginnt am 1. Oktober 2025. Der erste Trainingstag f\u00fcr den Breitensport nach dem Umbau ist der 7. bzw 10. Oktober [&hellip;]<\/p>\n","protected":false},"author":2,"featured_media":196,"parent":0,"menu_order":3,"comment_status":"closed","ping_status":"closed","template":"","meta":{"_themeisle_gutenberg_block_has_review":false,"footnotes":""},"class_list":["post-26","page","type-page","status-publish","has-post-thumbnail","hentry"],"_links":{"self":[{"href":"https:\/\/www.sc-neustadt.de\/wordpress\/wp-json\/wp\/v2\/pages\/26","targetHints":{"allow":["GET"]}}],"collection":[{"href":"https:\/\/www.sc-neustadt.de\/wordpress\/wp-json\/wp\/v2\/pages"}],"about":[{"href":"https:\/\/www.sc-neustadt.de\/wordpress\/wp-json\/wp\/v2\/types\/page"}],"author":[{"embeddable":true,"href":"https:\/\/www.sc-neustadt.de\/wordpress\/wp-json\/wp\/v2\/users\/2"}],"replies":[{"embeddable":true,"href":"https:\/\/www.sc-neustadt.de\/wordpress\/wp-json\/wp\/v2\/comments?post=26"}],"version-history":[{"count":24,"href":"https:\/\/www.sc-neustadt.de\/wordpress\/wp-json\/wp\/v2\/pages\/26\/revisions"}],"predecessor-version":[{"id":935,"href":"https:\/\/www.sc-neustadt.de\/wordpress\/wp-json\/wp\/v2\/pages\/26\/revisions\/935"}],"wp:featuredmedia":[{"embeddable":true,"href":"https:\/\/www.sc-neustadt.de\/wordpress\/wp-json\/wp\/v2\/media\/196"}],"wp:attachment":[{"href":"https:\/\/www.sc-neustadt.de\/wordpress\/wp-json\/wp\/v2\/media?parent=26"}],"curies":[{"name":"wp","href":"https:\/\/api.w.org\/{rel}","templated":true}]}}